{"id":412,"date":"2023-03-17T18:30:46","date_gmt":"2023-03-17T18:30:46","guid":{"rendered":"https:\/\/sonrisabonita.com\/aviso-legal\/"},"modified":"2023-04-26T14:23:32","modified_gmt":"2023-04-26T14:23:32","slug":"aviso-legal","status":"publish","type":"page","link":"https:\/\/sonrisabonita.com\/de\/aviso-legal\/","title":{"rendered":"Rechtshinweis"},"content":{"rendered":"\n<p><strong>Datos de la empresa<\/strong><\/p>\n\n\n\n<p>En cumplimiento del art\u00edculo 10 de la Ley 34\/2002, de 11 de julio, de Servicios de la Sociedad&nbsp;de la Informaci\u00f3n y Comercio Electr\u00f3nico, a continuaci\u00f3n se exponen los datos identificativos de&nbsp;la empresa.<\/p>\n\n\n\n<p><strong>Cl\u00ednica Dental Dr. Germ\u00e1n G\u00f3mez SLP<\/strong><\/p>\n\n\n\n<p>Domicilio social:&nbsp;Avda. Cortes Valencianas 39 E&nbsp;<a href=\"https:\/\/web.archive.org\/web\/20200808022719\/http:\/\/airmail.calendar\/2013-12-16%2014:00:00%20GMT+1\">2H<\/a>&nbsp;Valencia, 46015<\/p>\n\n\n\n<p>963 384 385<\/p>\n\n\n\n<p><a href=\"https:\/\/web.archive.org\/web\/20200808022719\/mailto:info@sonrisabonita.com\">info@sonrisabonita.com<\/a><\/p>\n\n\n\n<p>NIF B-98289697<\/p>\n\n\n\n<p>Sociedad inscrita en el Registro Mercantil de Valencia.<\/p>\n\n\n\n<p>Tomo 9245, Libro 6528, Folio 65, Secci\u00f3n 8, H V 140996, I\/A 1<\/p>\n\n\n\n<p>El acceso al sitio Web&nbsp;<a href=\"https:\/\/web.archive.org\/web\/20200808022719\/http:\/\/www.sonrisabonita.com\/\">www.sonrisabonita.com<\/a>&nbsp;de Cl\u00ednica Dental Dr. Germ\u00e1n G\u00f3mez SLP implica la&nbsp;aceptaci\u00f3n de todas las condiciones siguientes:<\/p>\n\n\n\n<p><strong>Propiedad Intelectual<\/strong><\/p>\n\n\n\n<p>Los contenidos de este sitio web, textos, im\u00e1genes, etc. as\u00ed como su dise\u00f1o gr\u00e1fico y su&nbsp;c\u00f3digo fuente est\u00e1n protegidos por la legislaci\u00f3n espa\u00f1ola sobre los derechos de propiedad&nbsp;intelectual e industrial a favor de Cl\u00ednica Dental Dr. Germ\u00e1n G\u00f3mez SLP.&nbsp;Quedando por tanto totalmente prohibida su reproducci\u00f3n, distribuci\u00f3n o comunicaci\u00f3n p\u00fablica,&nbsp;total o parcial, sin la autorizaci\u00f3n expresa de Cl\u00ednica Dental Dr. Germ\u00e1n G\u00f3mez SLP.<\/p>\n\n\n\n<p><strong>Contenido de la Web<\/strong><\/p>\n\n\n\n<p>Cl\u00ednica Dental Dr. Germ\u00e1n G\u00f3mez SLP no se responsabiliza del mal uso que se realice de los contenidos de&nbsp;nuestra p\u00e1gina web, siendo exclusiva responsabilidad de la persona que accede a ellos o los&nbsp;utiliza.<\/p>\n\n\n\n<p><strong>Actualizaci\u00f3n y modificaci\u00f3n de la p\u00e1gina Web<\/strong><\/p>\n\n\n\n<p>Cl\u00ednica Dental Dr. Germ\u00e1n G\u00f3mez SLP se reserva el derecho a modificar o eliminar, sin previo aviso, tanto&nbsp;la informaci\u00f3n contenida en su sitio Web, as\u00ed como su configuraci\u00f3n y presentaci\u00f3n, sin asumir&nbsp;responsabilidad alguna por ello.<\/p>\n\n\n\n<p><strong>Indicaciones sobre aspectos t\u00e9cnicos<\/strong><\/p>\n\n\n\n<p>Cl\u00ednica Dental Dr. Germ\u00e1n G\u00f3mez SLP no asume ninguna responsabilidad que se pueda derivar de problemas&nbsp;t\u00e9cnicos o fallos en los equipos inform\u00e1ticos que se produzcan durante la conexi\u00f3n a la red&nbsp;de Internet, as\u00ed como de da\u00f1os que pudieran ser causados por terceras personas mediante&nbsp;intromisiones ileg\u00edtimas fuera del control de Cl\u00ednica Dental Dr. Germ\u00e1n G\u00f3mez SLP.<\/p>\n\n\n\n<p>Tambi\u00e9n quedamos exonerados de toda responsabilidad ante posibles da\u00f1os o perjuicios que&nbsp;pueda sufrir el usuario a consecuencia de errores, defectos u omisiones en la informaci\u00f3n que&nbsp;facilitemos cuando proceda de fuentes ajenas a nosotros.<\/p>\n\n\n\n<p><strong>Pol\u00edtica de Privacidad y Protecci\u00f3n de Datos (L.O.P.D.)<\/strong><\/p>\n\n\n\n<p>Cl\u00ednica Dental Dr. Germ\u00e1n G\u00f3mez SLP pone en conocimiento de los usuarios de este sitio Web, que podr\u00e1&nbsp;crear un archivo automatizado con los datos personales que sean puestos en conocimiento del&nbsp;referido titular, como consecuencia de la utilizaci\u00f3n de la presente Web y a causa de env\u00edos&nbsp;al correo electr\u00f3nico&nbsp;<a href=\"https:\/\/web.archive.org\/web\/20200808022719\/mailto:info@sonrisabonita.com\">info@sonrisabonita.com<\/a>&nbsp;&nbsp;que aparece como contacto o bien sobre aquellos&nbsp;recabados a trav\u00e9s de nuestro formulario de contacto, en estricto cumplimiento con lo&nbsp;preceptuado por la legislaci\u00f3n en materia de protecci\u00f3n de datos.<\/p>\n\n\n\n<p>En cumplimiento de lo dispuesto en la Ley Org\u00e1nica 15\/1999, de&nbsp;<a href=\"https:\/\/web.archive.org\/web\/20200808022719\/http:\/\/airmail.calendar\/2013-12-13%2012:00:00%20GMT+1\">13 de diciembre<\/a>, de Protecci\u00f3n&nbsp;de Datos de Car\u00e1cter Personal, los usuarios podr\u00e1n ejercitar, en cualquier momento, los&nbsp;derechos de acceso, rectificaci\u00f3n, oposici\u00f3n y cancelaci\u00f3n de sus datos, que hubiesen sido&nbsp;recopilados y archivados. El ejercicio de estos derechos deber\u00e1 efectuarse mediante&nbsp;comunicaci\u00f3n escrita dirigida a la sede social de Cl\u00ednica Dental Dr. Germ\u00e1n G\u00f3mez SLP o a la direcci\u00f3n de&nbsp;correo electr\u00f3nico se\u00f1alada como de contacto, indicando, en cualquiera de los casos, como&nbsp;referencia \u201cDATOS PERSONALES\u201d y el referido derecho que pretendan accionar, adjuntando copia&nbsp;de su Documento Nacional de Identidad.<\/p>\n\n\n\n<p>Los datos registrados podr\u00edan ser utilizados con la finalidad de efectuar estad\u00edsticas, la&nbsp;remisi\u00f3n de publicidad \u2013 incluso por medios electr\u00f3nicos -, la gesti\u00f3n de incidencias o la&nbsp;realizaci\u00f3n de estudios de mercado, entre otras actividades.<\/p>\n\n\n\n<p>En su caso, los datos de car\u00e1cter personal facilitados por los usuarios podr\u00e1n ser comunicados&nbsp;a un tercero s\u00f3lo para el cumplimiento de los fines se\u00f1alados anteriormente y previo&nbsp;consentimiento de los interesados, que se entender\u00e1 otorgado si nada manifiestan al contrario&nbsp;en el plazo de quince d\u00edas desde que facilitaran sus datos. En cualquier caso, el se\u00f1alado&nbsp;consentimiento podr\u00e1 ser revocable en cualquier momento mediante comunicaci\u00f3n escrita dirigida&nbsp;a la sede social del titular, indicando como referencia \u201cBAJA DATOS PERSONALES\u201d.<\/p>\n","protected":false},"excerpt":{"rendered":"<p>Datos de la empresa En cumplimiento del art\u00edculo 10 de la Ley 34\/2002, de 11 de julio, de Servicios de la Sociedad&nbsp;de la Informaci\u00f3n y Comercio Electr\u00f3nico, a continuaci\u00f3n se exponen los datos identificativos de&nbsp;la empresa. Cl\u00ednica Dental Dr. Germ\u00e1n G\u00f3mez SLP Domicilio social:&nbsp;Avda. Cortes Valencianas 39 E&nbsp;2H&nbsp;Valencia, 46015 963 384 385 info@sonrisabonita.com NIF B-98289697<\/p>\n","protected":false},"author":3,"featured_media":0,"parent":0,"menu_order":0,"comment_status":"closed","ping_status":"closed","template":"","meta":{"footnotes":""},"class_list":["post-412","page","type-page","status-publish","hentry"],"_links":{"self":[{"href":"https:\/\/sonrisabonita.com\/de\/wp-json\/wp\/v2\/pages\/412","targetHints":{"allow":["GET"]}}],"collection":[{"href":"https:\/\/sonrisabonita.com\/de\/wp-json\/wp\/v2\/pages"}],"about":[{"href":"https:\/\/sonrisabonita.com\/de\/wp-json\/wp\/v2\/types\/page"}],"author":[{"embeddable":true,"href":"https:\/\/sonrisabonita.com\/de\/wp-json\/wp\/v2\/users\/3"}],"replies":[{"embeddable":true,"href":"https:\/\/sonrisabonita.com\/de\/wp-json\/wp\/v2\/comments?post=412"}],"version-history":[{"count":2,"href":"https:\/\/sonrisabonita.com\/de\/wp-json\/wp\/v2\/pages\/412\/revisions"}],"predecessor-version":[{"id":678,"href":"https:\/\/sonrisabonita.com\/de\/wp-json\/wp\/v2\/pages\/412\/revisions\/678"}],"wp:attachment":[{"href":"https:\/\/sonrisabonita.com\/de\/wp-json\/wp\/v2\/media?parent=412"}],"curies":[{"name":"wp","href":"https:\/\/api.w.org\/{rel}","templated":true}]}}